{"id":981,"date":"2024-02-14T23:08:29","date_gmt":"2024-02-14T23:08:29","guid":{"rendered":"https:\/\/loadprint.com.br\/clientes\/anarocha\/?page_id=981"},"modified":"2024-03-25T19:10:07","modified_gmt":"2024-03-25T19:10:07","slug":"tecnica-policromia","status":"publish","type":"page","link":"https:\/\/loadprint.com.br\/clientes\/anarocha\/tecnica-policromia\/","title":{"rendered":"T\u00e9cnica Policromia"},"content":{"rendered":"\t\t<div data-elementor-type=\"wp-page\" data-elementor-id=\"981\" class=\"elementor elementor-981\" data-elementor-post-type=\"page\">\n\t\t\t\t\t\t<section class=\"elementor-section elementor-top-section elementor-element elementor-element-d1f4e7d elementor-section-boxed elementor-section-height-default elementor-section-height-default\" data-id=\"d1f4e7d\" data-element_type=\"section\" data-settings=\"{&quot;background_background&quot;:&quot;classic&quot;}\">\n\t\t\t\t\t\t\t<div class=\"elementor-background-overlay\"><\/div>\n\t\t\t\t\t\t\t<div class=\"elementor-container elementor-column-gap-default\">\n\t\t\t\t\t<div class=\"elementor-column elementor-col-100 elementor-top-column elementor-element elementor-element-da009d5\" data-id=\"da009d5\" data-element_type=\"column\" data-settings=\"{&quot;background_background&quot;:&quot;classic&quot;}\">\n\t\t\t<div class=\"elementor-widget-wrap elementor-element-populated\">\n\t\t\t\t\t\t<section class=\"elementor-section elementor-inner-section elementor-element elementor-element-14724a3 elementor-section-boxed elementor-section-height-default elementor-section-height-default\" data-id=\"14724a3\" data-element_type=\"section\">\n\t\t\t\t\t\t<div class=\"elementor-container elementor-column-gap-default\">\n\t\t\t\t\t<div class=\"elementor-column elementor-col-100 elementor-inner-column elementor-element elementor-element-ed5f804\" data-id=\"ed5f804\" data-element_type=\"column\" data-settings=\"{&quot;background_background&quot;:&quot;classic&quot;}\">\n\t\t\t<div class=\"elementor-widget-wrap elementor-element-populated\">\n\t\t\t\t\t\t<div class=\"elementor-element elementor-element-bd80768 elementor-widget elementor-widget-heading\" data-id=\"bd80768\" data-element_type=\"widget\" data-widget_type=\"heading.default\">\n\t\t\t\t<div class=\"elementor-widget-container\">\n\t\t\t<style>\/*! elementor - v3.19.0 - 05-02-2024 *\/\n.elementor-heading-title{padding:0;margin:0;line-height:1}.elementor-widget-heading .elementor-heading-title[class*=elementor-size-]>a{color:inherit;font-size:inherit;line-height:inherit}.elementor-widget-heading .elementor-heading-title.elementor-size-small{font-size:15px}.elementor-widget-heading .elementor-heading-title.elementor-size-medium{font-size:19px}.elementor-widget-heading .elementor-heading-title.elementor-size-large{font-size:29px}.elementor-widget-heading .elementor-heading-title.elementor-size-xl{font-size:39px}.elementor-widget-heading .elementor-heading-title.elementor-size-xxl{font-size:59px}<\/style><h1 class=\"elementor-heading-title elementor-size-default\">Policromia - Tr\u00eas grandes t\u00e9cnicas<\/h1>\t\t<\/div>\n\t\t\t\t<\/div>\n\t\t\t\t\t<\/div>\n\t\t<\/div>\n\t\t\t\t\t<\/div>\n\t\t<\/section>\n\t\t\t\t\t<\/div>\n\t\t<\/div>\n\t\t\t\t\t<\/div>\n\t\t<\/section>\n\t\t<div class=\"elementor-element elementor-element-9d9865f e-flex e-con-boxed e-con e-parent\" data-id=\"9d9865f\" data-element_type=\"container\" data-settings=\"{&quot;content_width&quot;:&quot;boxed&quot;}\" data-core-v316-plus=\"true\">\n\t\t\t\t\t<div class=\"e-con-inner\">\n\t\t\t\t<div class=\"elementor-element elementor-element-a44fc6a elementor-widget elementor-widget-image\" data-id=\"a44fc6a\" data-element_type=\"widget\" data-widget_type=\"image.default\">\n\t\t\t\t<div class=\"elementor-widget-container\">\n\t\t\t<style>\/*! elementor - v3.19.0 - 05-02-2024 *\/\n.elementor-widget-image{text-align:center}.elementor-widget-image a{display:inline-block}.elementor-widget-image a img[src$=\".svg\"]{width:48px}.elementor-widget-image img{vertical-align:middle;display:inline-block}<\/style>\t\t\t\t\t\t\t\t\t\t<img decoding=\"async\" width=\"324\" height=\"141\" src=\"https:\/\/loadprint.com.br\/clientes\/anarocha\/wp-content\/uploads\/2024\/03\/Arabesco-Patterns.png\" class=\"attachment-full size-full wp-image-1696\" alt=\"\" srcset=\"https:\/\/loadprint.com.br\/clientes\/anarocha\/wp-content\/uploads\/2024\/03\/Arabesco-Patterns.png 324w, https:\/\/loadprint.com.br\/clientes\/anarocha\/wp-content\/uploads\/2024\/03\/Arabesco-Patterns-300x131.png 300w\" sizes=\"(max-width: 324px) 100vw, 324px\" \/>\t\t\t\t\t\t\t\t\t\t\t\t\t<\/div>\n\t\t\t\t<\/div>\n\t\t\t\t\t<\/div>\n\t\t\t\t<\/div>\n\t\t<div class=\"elementor-element elementor-element-f0d3e25 e-flex e-con-boxed e-con e-parent\" data-id=\"f0d3e25\" data-element_type=\"container\" data-settings=\"{&quot;background_background&quot;:&quot;classic&quot;,&quot;content_width&quot;:&quot;boxed&quot;}\" data-core-v316-plus=\"true\">\n\t\t\t\t\t<div class=\"e-con-inner\">\n\t\t<div class=\"elementor-element elementor-element-aaa656a e-con-full e-flex e-con e-child\" data-id=\"aaa656a\" data-element_type=\"container\" data-settings=\"{&quot;content_width&quot;:&quot;full&quot;}\">\n\t\t\t\t<div class=\"elementor-element elementor-element-e37537b elementor-widget elementor-widget-video\" data-id=\"e37537b\" data-element_type=\"widget\" data-settings=\"{&quot;youtube_url&quot;:&quot;https:\\\/\\\/www.youtube.com\\\/watch?v=XHOmBV4js_E&quot;,&quot;show_image_overlay&quot;:&quot;yes&quot;,&quot;image_overlay&quot;:{&quot;url&quot;:&quot;https:\\\/\\\/loadprint.com.br\\\/clientes\\\/anarocha\\\/wp-content\\\/uploads\\\/2024\\\/03\\\/Curso-de-Policromia-Italiana-7.jpg&quot;,&quot;id&quot;:1513,&quot;size&quot;:&quot;&quot;,&quot;alt&quot;:&quot;&quot;,&quot;source&quot;:&quot;library&quot;},&quot;video_type&quot;:&quot;youtube&quot;}\" data-widget_type=\"video.default\">\n\t\t\t\t<div class=\"elementor-widget-container\">\n\t\t\t<style>\/*! elementor - v3.19.0 - 05-02-2024 *\/\n.elementor-widget-video .elementor-widget-container{overflow:hidden;transform:translateZ(0)}.elementor-widget-video .elementor-wrapper{aspect-ratio:var(--video-aspect-ratio)}.elementor-widget-video .elementor-wrapper iframe,.elementor-widget-video .elementor-wrapper video{height:100%;width:100%;display:flex;border:none;background-color:#000}@supports not (aspect-ratio:1\/1){.elementor-widget-video .elementor-wrapper{position:relative;overflow:hidden;height:0;padding-bottom:calc(100% \/ var(--video-aspect-ratio))}.elementor-widget-video .elementor-wrapper iframe,.elementor-widget-video .elementor-wrapper video{position:absolute;top:0;right:0;bottom:0;left:0}}.elementor-widget-video .elementor-open-inline .elementor-custom-embed-image-overlay{position:absolute;top:0;right:0;bottom:0;left:0;background-size:cover;background-position:50%}.elementor-widget-video .elementor-custom-embed-image-overlay{cursor:pointer;text-align:center}.elementor-widget-video .elementor-custom-embed-image-overlay:hover .elementor-custom-embed-play i{opacity:1}.elementor-widget-video .elementor-custom-embed-image-overlay img{display:block;width:100%;aspect-ratio:var(--video-aspect-ratio);-o-object-fit:cover;object-fit:cover;-o-object-position:center center;object-position:center center}@supports not (aspect-ratio:1\/1){.elementor-widget-video .elementor-custom-embed-image-overlay{position:relative;overflow:hidden;height:0;padding-bottom:calc(100% \/ var(--video-aspect-ratio))}.elementor-widget-video .elementor-custom-embed-image-overlay img{position:absolute;top:0;right:0;bottom:0;left:0}}.elementor-widget-video .e-hosted-video .elementor-video{-o-object-fit:cover;object-fit:cover}.e-con-inner>.elementor-widget-video,.e-con>.elementor-widget-video{width:var(--container-widget-width);--flex-grow:var(--container-widget-flex-grow)}<\/style>\t\t<div class=\"elementor-wrapper elementor-open-inline\">\n\t\t\t<div class=\"elementor-video\"><\/div>\t\t\t\t<div class=\"elementor-custom-embed-image-overlay\" style=\"background-image: url(https:\/\/loadprint.com.br\/clientes\/anarocha\/wp-content\/uploads\/2024\/03\/Curso-de-Policromia-Italiana-7.jpg);\">\n\t\t\t\t\t\t\t\t\t\t\t\t\t\t\t\t<div class=\"elementor-custom-embed-play\" role=\"button\" aria-label=\"Reproduzir v\u00eddeo\" tabindex=\"0\">\n\t\t\t\t\t\t\t<svg aria-hidden=\"true\" class=\"e-font-icon-svg e-eicon-play\" viewBox=\"0 0 1000 1000\" xmlns=\"http:\/\/www.w3.org\/2000\/svg\"><path d=\"M838 162C746 71 633 25 500 25 371 25 258 71 163 162 71 254 25 367 25 500 25 633 71 746 163 837 254 929 367 979 500 979 633 979 746 933 838 837 929 746 975 633 975 500 975 367 929 254 838 162M808 192C892 279 933 379 933 500 933 621 892 725 808 808 725 892 621 938 500 938 379 938 279 896 196 808 113 725 67 621 67 500 67 379 108 279 196 192 279 108 383 62 500 62 621 62 721 108 808 192M438 392V642L642 517 438 392Z\"><\/path><\/svg>\t\t\t\t\t\t\t<span class=\"elementor-screen-only\">Reproduzir v\u00eddeo<\/span>\n\t\t\t\t\t\t<\/div>\n\t\t\t\t\t\t\t\t\t<\/div>\n\t\t\t\t\t<\/div>\n\t\t\t\t<\/div>\n\t\t\t\t<\/div>\n\t\t\t\t<\/div>\n\t\t<div class=\"elementor-element elementor-element-b9cbefc e-con-full e-flex e-con e-child\" data-id=\"b9cbefc\" data-element_type=\"container\" data-settings=\"{&quot;content_width&quot;:&quot;full&quot;}\">\n\t\t\t\t<div class=\"elementor-element elementor-element-a01b2f2 elementor-invisible elementor-widget elementor-widget-heading\" data-id=\"a01b2f2\" data-element_type=\"widget\" data-settings=\"{&quot;_animation&quot;:&quot;fadeIn&quot;}\" data-widget_type=\"heading.default\">\n\t\t\t\t<div class=\"elementor-widget-container\">\n\t\t\t<h2 class=\"elementor-heading-title elementor-size-default\">A paci\u00eancia das etapas<\/h2>\t\t<\/div>\n\t\t\t\t<\/div>\n\t\t\t\t<div class=\"elementor-element elementor-element-2b5024e elementor-widget elementor-widget-image\" data-id=\"2b5024e\" data-element_type=\"widget\" data-widget_type=\"image.default\">\n\t\t\t\t<div class=\"elementor-widget-container\">\n\t\t\t\t\t\t\t\t\t\t\t\t\t<img decoding=\"async\" width=\"274\" height=\"47\" src=\"https:\/\/loadprint.com.br\/clientes\/anarocha\/wp-content\/uploads\/2024\/03\/Line-Titulo.png\" class=\"attachment-large size-large wp-image-1749\" alt=\"\" \/>\t\t\t\t\t\t\t\t\t\t\t\t\t<\/div>\n\t\t\t\t<\/div>\n\t\t\t\t<div class=\"elementor-element elementor-element-0667f6d elementor-invisible elementor-widget elementor-widget-text-editor\" data-id=\"0667f6d\" data-element_type=\"widget\" data-settings=\"{&quot;_animation&quot;:&quot;fadeIn&quot;,&quot;_animation_delay&quot;:200}\" data-widget_type=\"text-editor.default\">\n\t\t\t\t<div class=\"elementor-widget-container\">\n\t\t\t<style>\/*! elementor - v3.19.0 - 05-02-2024 *\/\n.elementor-widget-text-editor.elementor-drop-cap-view-stacked .elementor-drop-cap{background-color:#69727d;color:#fff}.elementor-widget-text-editor.elementor-drop-cap-view-framed .elementor-drop-cap{color:#69727d;border:3px solid;background-color:transparent}.elementor-widget-text-editor:not(.elementor-drop-cap-view-default) .elementor-drop-cap{margin-top:8px}.elementor-widget-text-editor:not(.elementor-drop-cap-view-default) .elementor-drop-cap-letter{width:1em;height:1em}.elementor-widget-text-editor .elementor-drop-cap{float:left;text-align:center;line-height:1;font-size:50px}.elementor-widget-text-editor .elementor-drop-cap-letter{display:inline-block}<\/style>\t\t\t\t<p>O trabalho de policromia de uma escultura sacra \u00e9 tradicionalmente realizado por duas pessoas: o escultor habilidoso que transforma um simples peda\u00e7o de madeira ou barro em obra de arte e, em seguida, o entrega ao pintor de confian\u00e7a. Ao contr\u00e1rio de uma tela em branco, a pintura de uma escultura n\u00e3o \u00e9 livre; ela revela o que j\u00e1 existe ali, podendo suprimi-lo ou ressalt\u00e1-lo.<\/p><p>A policromia se difere da pintura simples pelo fato de ser executada em dezenas de camadas bem definidas: a selagem dos poros, o nivelamento com gessos, os fundos de cor, os altos ou baixos relevos, os diversos estratos de materiais envolvidos no douramento, a tinta preparada artesanalmente e, por fim, a pintura da pele realizada em delicadas camadas transparentes sobrepostas&#8230; S\u00e3o algumas de uma s\u00e9rie de prepara\u00e7\u00f5es complexas que s\u00e3o fruto da combina\u00e7\u00e3o de tr\u00eas grandes t\u00e9cnicas descritas abaixo.<\/p>\t\t\t\t\t\t<\/div>\n\t\t\t\t<\/div>\n\t\t\t\t<\/div>\n\t\t\t\t\t<\/div>\n\t\t\t\t<\/div>\n\t\t\t\t<section class=\"elementor-section elementor-top-section elementor-element elementor-element-1cce6c0 elementor-section-boxed elementor-section-height-default elementor-section-height-default\" data-id=\"1cce6c0\" data-element_type=\"section\">\n\t\t\t\t\t\t<div class=\"elementor-container elementor-column-gap-default\">\n\t\t\t\t\t<div class=\"elementor-column elementor-col-50 elementor-top-column elementor-element elementor-element-4d6cc3d\" data-id=\"4d6cc3d\" data-element_type=\"column\" data-settings=\"{&quot;background_background&quot;:&quot;classic&quot;}\">\n\t\t\t<div class=\"elementor-widget-wrap elementor-element-populated\">\n\t\t\t\t\t\t<div class=\"elementor-element elementor-element-e7f2d56 elementor-widget elementor-widget-image\" data-id=\"e7f2d56\" data-element_type=\"widget\" data-widget_type=\"image.default\">\n\t\t\t\t<div class=\"elementor-widget-container\">\n\t\t\t\t\t\t\t\t\t\t\t\t\t<img fetchpriority=\"high\" decoding=\"async\" width=\"478\" height=\"636\" src=\"https:\/\/loadprint.com.br\/clientes\/anarocha\/wp-content\/uploads\/2024\/03\/Etapa-Policromia-Douramento.jpg\" class=\"attachment-medium_large size-medium_large wp-image-2879\" alt=\"\" srcset=\"https:\/\/loadprint.com.br\/clientes\/anarocha\/wp-content\/uploads\/2024\/03\/Etapa-Policromia-Douramento.jpg 478w, https:\/\/loadprint.com.br\/clientes\/anarocha\/wp-content\/uploads\/2024\/03\/Etapa-Policromia-Douramento-225x300.jpg 225w\" sizes=\"(max-width: 478px) 100vw, 478px\" \/>\t\t\t\t\t\t\t\t\t\t\t\t\t<\/div>\n\t\t\t\t<\/div>\n\t\t\t\t\t<\/div>\n\t\t<\/div>\n\t\t\t\t<div class=\"elementor-column elementor-col-50 elementor-top-column elementor-element elementor-element-a7d65ca\" data-id=\"a7d65ca\" data-element_type=\"column\">\n\t\t\t<div class=\"elementor-widget-wrap elementor-element-populated\">\n\t\t\t\t<div class=\"elementor-element elementor-element-6ab6b79 e-con-full e-flex e-con e-parent\" data-id=\"6ab6b79\" data-element_type=\"container\" data-settings=\"{&quot;content_width&quot;:&quot;full&quot;,&quot;background_background&quot;:&quot;classic&quot;}\" data-core-v316-plus=\"true\">\n\t\t\t\t<div class=\"elementor-element elementor-element-9716887 elementor-widget elementor-widget-heading\" data-id=\"9716887\" data-element_type=\"widget\" data-widget_type=\"heading.default\">\n\t\t\t\t<div class=\"elementor-widget-container\">\n\t\t\t<h2 class=\"elementor-heading-title elementor-size-default\">1.<\/h2>\t\t<\/div>\n\t\t\t\t<\/div>\n\t\t\t\t<div class=\"elementor-element elementor-element-11bee5a elementor-invisible elementor-widget elementor-widget-heading\" data-id=\"11bee5a\" data-element_type=\"widget\" data-settings=\"{&quot;_animation&quot;:&quot;fadeIn&quot;}\" data-widget_type=\"heading.default\">\n\t\t\t\t<div class=\"elementor-widget-container\">\n\t\t\t<h2 class=\"elementor-heading-title elementor-size-default\">Douramento<\/h2>\t\t<\/div>\n\t\t\t\t<\/div>\n\t\t\t\t<div class=\"elementor-element elementor-element-295a9d5 elementor-invisible elementor-widget elementor-widget-text-editor\" data-id=\"295a9d5\" data-element_type=\"widget\" data-settings=\"{&quot;_animation&quot;:&quot;fadeIn&quot;,&quot;_animation_delay&quot;:200}\" data-widget_type=\"text-editor.default\">\n\t\t\t\t<div class=\"elementor-widget-container\">\n\t\t\t\t\t\t\tO suporte no qual a pe\u00e7a \u00e9 feita (podendo ser madeira, gesso, resina, cer\u00e2mica ou outro material) \u00e9 tratado, lixado e recebe diversas camadas de gesso para torn\u00e1-lo extremamente liso. Em seguida, s\u00e3o aplicados fundos de cor para real\u00e7ar o acabamento dourado final. Uma cola especial \u00e9 aplicada de acordo com a t\u00e9cnica escolhida: a tradicional \u00e0 base de cola de coelho, o douramento franc\u00eas a \u00f3leo ou \u00e1gua. As folhas utilizadas podem ser de ouro puro, branco, cobre, prata ou outros materiais que imitam esse acabamento, tudo escolhido conforme as prefer\u00eancias do cliente. No final a pe\u00e7a \u00e9 inteiramente dourada e est\u00e1 pronta para receber a pintura. \t\t\t\t\t\t<\/div>\n\t\t\t\t<\/div>\n\t\t\t\t<\/div>\n\t\t\t\t\t<\/div>\n\t\t<\/div>\n\t\t\t\t\t<\/div>\n\t\t<\/section>\n\t\t\t\t<section class=\"elementor-section elementor-top-section elementor-element elementor-element-e46d85d elementor-reverse-tablet elementor-reverse-mobile elementor-section-boxed elementor-section-height-default elementor-section-height-default\" data-id=\"e46d85d\" data-element_type=\"section\">\n\t\t\t\t\t\t<div class=\"elementor-container elementor-column-gap-default\">\n\t\t\t\t\t<div class=\"elementor-column elementor-col-50 elementor-top-column elementor-element elementor-element-1c9eab7\" data-id=\"1c9eab7\" data-element_type=\"column\">\n\t\t\t<div class=\"elementor-widget-wrap elementor-element-populated\">\n\t\t\t\t<div class=\"elementor-element elementor-element-f3c8739 e-con-full e-flex e-con e-parent\" data-id=\"f3c8739\" data-element_type=\"container\" data-settings=\"{&quot;content_width&quot;:&quot;full&quot;,&quot;background_background&quot;:&quot;classic&quot;}\" data-core-v316-plus=\"true\">\n\t\t\t\t<div class=\"elementor-element elementor-element-91b7fa6 elementor-widget elementor-widget-heading\" data-id=\"91b7fa6\" data-element_type=\"widget\" data-widget_type=\"heading.default\">\n\t\t\t\t<div class=\"elementor-widget-container\">\n\t\t\t<h2 class=\"elementor-heading-title elementor-size-default\">2.<\/h2>\t\t<\/div>\n\t\t\t\t<\/div>\n\t\t\t\t<div class=\"elementor-element elementor-element-3586dc2 elementor-invisible elementor-widget elementor-widget-heading\" data-id=\"3586dc2\" data-element_type=\"widget\" data-settings=\"{&quot;_animation&quot;:&quot;fadeIn&quot;}\" data-widget_type=\"heading.default\">\n\t\t\t\t<div class=\"elementor-widget-container\">\n\t\t\t<h2 class=\"elementor-heading-title elementor-size-default\">Esgrafitos<\/h2>\t\t<\/div>\n\t\t\t\t<\/div>\n\t\t\t\t<div class=\"elementor-element elementor-element-dc544c7 elementor-invisible elementor-widget elementor-widget-text-editor\" data-id=\"dc544c7\" data-element_type=\"widget\" data-settings=\"{&quot;_animation&quot;:&quot;fadeIn&quot;,&quot;_animation_delay&quot;:200}\" data-widget_type=\"text-editor.default\">\n\t\t\t\t<div class=\"elementor-widget-container\">\n\t\t\t\t\t\t\t<p>Uma caracter\u00edstica surpreendente da policromia \u00e9 que a pintura \u00e9 aplicada sobre o douramento, o que pode surpreender quem n\u00e3o est\u00e1 familiarizado com o processo. Todo o ouro \u00e9 revestido com uma tinta especial, feita artesanalmente &#8211; a tempera a ovo &#8211; que consiste em uma mistura de pigmentos, gema de ovo e aditivos, resultando em uma tinta extremamente macia. Essa tinta \u00e9 aplicada inteiramente cobrindo o ouro por completo.<\/p><p>Com uma ponta fina, a tinta \u00e9 ent\u00e3o riscada, utilizando a t\u00e9cnica italiana do s\u00e9culo XII chamada esgrafitos. Esses riscos criam diversas decora\u00e7\u00f5es de forma livre, revelando o ouro subjacente. Todo o processo \u00e9 elaborado de modo a criar uma estamparia \u00fanica, que reflete a pr\u00f3pria luz da divindade.<\/p><p>Al\u00e9m disso, outros tipos de decora\u00e7\u00f5es s\u00e3o realizados nesse processo, como os alto-relevos (pastiglio) e os baixo-relevos (punzonatura).<\/p>\t\t\t\t\t\t<\/div>\n\t\t\t\t<\/div>\n\t\t\t\t<\/div>\n\t\t\t\t\t<\/div>\n\t\t<\/div>\n\t\t\t\t<div class=\"elementor-column elementor-col-50 elementor-top-column elementor-element elementor-element-8046c2a\" data-id=\"8046c2a\" data-element_type=\"column\" data-settings=\"{&quot;background_background&quot;:&quot;classic&quot;}\">\n\t\t\t<div class=\"elementor-widget-wrap elementor-element-populated\">\n\t\t\t\t\t\t<div class=\"elementor-element elementor-element-dbd81e7 elementor-widget elementor-widget-image\" data-id=\"dbd81e7\" data-element_type=\"widget\" data-widget_type=\"image.default\">\n\t\t\t\t<div class=\"elementor-widget-container\">\n\t\t\t\t\t\t\t\t\t\t\t\t\t<img loading=\"lazy\" decoding=\"async\" width=\"478\" height=\"636\" src=\"https:\/\/loadprint.com.br\/clientes\/anarocha\/wp-content\/uploads\/2024\/03\/Etapa-Policromia-Esgrafitos.jpg\" class=\"attachment-medium_large size-medium_large wp-image-2880\" alt=\"\" srcset=\"https:\/\/loadprint.com.br\/clientes\/anarocha\/wp-content\/uploads\/2024\/03\/Etapa-Policromia-Esgrafitos.jpg 478w, https:\/\/loadprint.com.br\/clientes\/anarocha\/wp-content\/uploads\/2024\/03\/Etapa-Policromia-Esgrafitos-225x300.jpg 225w\" sizes=\"(max-width: 478px) 100vw, 478px\" \/>\t\t\t\t\t\t\t\t\t\t\t\t\t<\/div>\n\t\t\t\t<\/div>\n\t\t\t\t\t<\/div>\n\t\t<\/div>\n\t\t\t\t\t<\/div>\n\t\t<\/section>\n\t\t\t\t<section class=\"elementor-section elementor-top-section elementor-element elementor-element-fb9e1bc elementor-section-boxed elementor-section-height-default elementor-section-height-default\" data-id=\"fb9e1bc\" data-element_type=\"section\">\n\t\t\t\t\t\t<div class=\"elementor-container elementor-column-gap-default\">\n\t\t\t\t\t<div class=\"elementor-column elementor-col-50 elementor-top-column elementor-element elementor-element-5c379b6\" data-id=\"5c379b6\" data-element_type=\"column\" data-settings=\"{&quot;background_background&quot;:&quot;classic&quot;}\">\n\t\t\t<div class=\"elementor-widget-wrap elementor-element-populated\">\n\t\t\t\t\t\t<div class=\"elementor-element elementor-element-3b38ff3 elementor-widget elementor-widget-image\" data-id=\"3b38ff3\" data-element_type=\"widget\" data-widget_type=\"image.default\">\n\t\t\t\t<div class=\"elementor-widget-container\">\n\t\t\t\t\t\t\t\t\t\t\t\t\t<img loading=\"lazy\" decoding=\"async\" width=\"478\" height=\"636\" src=\"https:\/\/loadprint.com.br\/clientes\/anarocha\/wp-content\/uploads\/2024\/03\/Etapa-Policromia-Carnacao.jpg\" class=\"attachment-medium_large size-medium_large wp-image-2881\" alt=\"\" srcset=\"https:\/\/loadprint.com.br\/clientes\/anarocha\/wp-content\/uploads\/2024\/03\/Etapa-Policromia-Carnacao.jpg 478w, https:\/\/loadprint.com.br\/clientes\/anarocha\/wp-content\/uploads\/2024\/03\/Etapa-Policromia-Carnacao-225x300.jpg 225w\" sizes=\"(max-width: 478px) 100vw, 478px\" \/>\t\t\t\t\t\t\t\t\t\t\t\t\t<\/div>\n\t\t\t\t<\/div>\n\t\t\t\t\t<\/div>\n\t\t<\/div>\n\t\t\t\t<div class=\"elementor-column elementor-col-50 elementor-top-column elementor-element elementor-element-6031cc0\" data-id=\"6031cc0\" data-element_type=\"column\">\n\t\t\t<div class=\"elementor-widget-wrap elementor-element-populated\">\n\t\t\t\t<div class=\"elementor-element elementor-element-752aba5 e-con-full e-flex e-con e-parent\" data-id=\"752aba5\" data-element_type=\"container\" data-settings=\"{&quot;content_width&quot;:&quot;full&quot;,&quot;background_background&quot;:&quot;classic&quot;}\" data-core-v316-plus=\"true\">\n\t\t\t\t<div class=\"elementor-element elementor-element-e58ec67 elementor-widget elementor-widget-heading\" data-id=\"e58ec67\" data-element_type=\"widget\" data-widget_type=\"heading.default\">\n\t\t\t\t<div class=\"elementor-widget-container\">\n\t\t\t<h2 class=\"elementor-heading-title elementor-size-default\">3.<\/h2>\t\t<\/div>\n\t\t\t\t<\/div>\n\t\t\t\t<div class=\"elementor-element elementor-element-c6a6d4b elementor-invisible elementor-widget elementor-widget-heading\" data-id=\"c6a6d4b\" data-element_type=\"widget\" data-settings=\"{&quot;_animation&quot;:&quot;fadeIn&quot;}\" data-widget_type=\"heading.default\">\n\t\t\t\t<div class=\"elementor-widget-container\">\n\t\t\t<h2 class=\"elementor-heading-title elementor-size-default\">Carna\u00e7\u00e3o<\/h2>\t\t<\/div>\n\t\t\t\t<\/div>\n\t\t\t\t<div class=\"elementor-element elementor-element-1938bab elementor-invisible elementor-widget elementor-widget-text-editor\" data-id=\"1938bab\" data-element_type=\"widget\" data-settings=\"{&quot;_animation&quot;:&quot;fadeIn&quot;,&quot;_animation_delay&quot;:200}\" data-widget_type=\"text-editor.default\">\n\t\t\t\t<div class=\"elementor-widget-container\">\n\t\t\t\t\t\t\t<p>Na t\u00e9cnica de pintura policromia de arte sacra a carna\u00e7\u00e3o se refere \u00e0 representa\u00e7\u00e3o da pele humana, especialmente o rosto e as m\u00e3os das figuras sagradas retratadas nas esculturas. A palavra &#8220;carna\u00e7\u00e3o&#8221; vem do &#8220;carne&#8221; e se relaciona diretamente com a cor da pele.<\/p><p>Na arte sacra tradicional a carna\u00e7\u00e3o \u00e9 elaborada com grande detalhe e realismo, utilizando uma combina\u00e7\u00e3o de tons de tinta a \u00f3leo para criar uma representa\u00e7\u00e3o v\u00edvida da pele, com sombras, luzes e texturas que buscam transmitir uma sensa\u00e7\u00e3o de vida e express\u00e3o \u00e0s figuras religiosas. Este aspecto \u00e9 fundamental para transmitir a emo\u00e7\u00e3o e a espiritualidade nas obras de arte sacra tradicionais.<\/p>\t\t\t\t\t\t<\/div>\n\t\t\t\t<\/div>\n\t\t\t\t<\/div>\n\t\t\t\t\t<\/div>\n\t\t<\/div>\n\t\t\t\t\t<\/div>\n\t\t<\/section>\n\t\t\t\t<\/div>\n\t\t","protected":false},"excerpt":{"rendered":"<p>Policromia &#8211; Tr\u00eas grandes t\u00e9cnicas A paci\u00eancia das etapas O trabalho de policromia de uma escultura sacra \u00e9 tradicionalmente realizado por duas pessoas: o escultor habilidoso que transforma um simples peda\u00e7o de madeira ou barro em obra de arte e, em seguida, o entrega ao pintor de confian\u00e7a. Ao contr\u00e1rio de uma tela em branco, [&hellip;]<\/p>\n","protected":false},"author":1,"featured_media":0,"parent":0,"menu_order":0,"comment_status":"closed","ping_status":"closed","template":"","meta":{"_acf_changed":false,"footnotes":""},"class_list":["post-981","page","type-page","status-publish","hentry"],"acf":[],"_links":{"self":[{"href":"https:\/\/loadprint.com.br\/clientes\/anarocha\/wp-json\/wp\/v2\/pages\/981","targetHints":{"allow":["GET"]}}],"collection":[{"href":"https:\/\/loadprint.com.br\/clientes\/anarocha\/wp-json\/wp\/v2\/pages"}],"about":[{"href":"https:\/\/loadprint.com.br\/clientes\/anarocha\/wp-json\/wp\/v2\/types\/page"}],"author":[{"embeddable":true,"href":"https:\/\/loadprint.com.br\/clientes\/anarocha\/wp-json\/wp\/v2\/users\/1"}],"replies":[{"embeddable":true,"href":"https:\/\/loadprint.com.br\/clientes\/anarocha\/wp-json\/wp\/v2\/comments?post=981"}],"version-history":[{"count":119,"href":"https:\/\/loadprint.com.br\/clientes\/anarocha\/wp-json\/wp\/v2\/pages\/981\/revisions"}],"predecessor-version":[{"id":2888,"href":"https:\/\/loadprint.com.br\/clientes\/anarocha\/wp-json\/wp\/v2\/pages\/981\/revisions\/2888"}],"wp:attachment":[{"href":"https:\/\/loadprint.com.br\/clientes\/anarocha\/wp-json\/wp\/v2\/media?parent=981"}],"curies":[{"name":"wp","href":"https:\/\/api.w.org\/{rel}","templated":true}]}}